{"id":129,"date":"2022-03-23T13:15:50","date_gmt":"2022-03-23T13:15:50","guid":{"rendered":"http:\/\/solebio.com.tr\/insan-kaynaklari"},"modified":"2022-03-25T10:30:01","modified_gmt":"2022-03-25T10:30:01","slug":"human-resources","status":"publish","type":"page","link":"https:\/\/solebio.com.tr\/en\/human-resources","title":{"rendered":"Human Resources"},"content":{"rendered":"<!--themify_builder_content-->\n<div id=\"themify_builder_content-129\" data-postid=\"129\" class=\"themify_builder_content themify_builder_content-129 themify_builder tf_clear\">\n    \t<!-- module_row -->\n\t<div  data-lazy=\"1\" class=\"module_row themify_builder_row tb_0nlo960 tb_first tf_clearfix\">\n\t    \t\t<div class=\"row_inner col_align_top col-count-1 tf_box tf_w tf_rel\">\n\t\t\t<div  data-lazy=\"1\" class=\"module_column tb-column col-full first tb_3zs5960 tf_box\">\n\t\t\t    \t        <div class=\"tb-column-inner tf_box tf_w\">\n\t\t    <!-- module text -->\n<div  class=\"module module-text tb_lga3710   \" data-lazy=\"1\">\n        <div  class=\"tb_text_wrap\">\n    <p><strong>Our Human Resources Approach<\/strong><\/p>\n<p>We derive our inspiration from our employees who are accountable, open to innovation and have confidence in team work. We would like to maintain and improve our organization comprised of everyone who is genuinely happy to participate and highly engaged in their work.<\/p>\n<p>Human Resources play an active part to implement corporate strategies, as a strategic business partner of the management and of all departments.<\/p>\n<p>We ensure recruitment for the demand in human resources according to the Company strategies, growth plans and goals; development and sustainability of these resources; and active implementation of the contemporary performance appraisal and compensation systems that are best suited to our company in order to achieve the stability, satisfaction and productivity of our employees.<\/p>\n    <\/div>\n<\/div>\n<!-- \/module text -->\t        <\/div>\n\t    \t<\/div>\n\t\t    <\/div>\n\t    <!-- \/row_inner -->\n\t<\/div>\n\t<!-- \/module_row -->\n\t<\/div>\n<!--\/themify_builder_content-->","protected":false},"excerpt":{"rendered":"<p>\u0130nsan Kaynaklar\u0131 Yakla\u015f\u0131m\u0131m\u0131z G\u00fcc\u00fcm\u00fcz\u00fc, sorumluluk sahibi, yeniliklere a\u00e7\u0131k ve birlikte \u00e7al\u0131\u015fman\u0131n g\u00fcc\u00fcne inanan \u00e7al\u0131\u015fanlar\u0131m\u0131zdan almaktay\u0131z. Herkesin, par\u00e7as\u0131 olmaktan mutluluk duydu\u011fu, ba\u011fl\u0131l\u0131\u011f\u0131n y\u00fcksek oldu\u011fu organizasyon yap\u0131m\u0131z\u0131 korumak ve s\u00fcrekli geli\u015ftirmek istiyoruz. \u0130nsan Kaynaklar\u0131 olarak y\u00f6netimin ve t\u00fcm b\u00f6l\u00fcmlerin stratejik i\u015f orta\u011f\u0131 olarak \u015firket stratejilerinin hayata ge\u00e7mesinde etkin rol oynuyoruz. \u015eirketin stratejilerine, b\u00fcy\u00fcme planlar\u0131na ve hedeflerine ba\u011fl\u0131 [&hellip;]<\/p>\n","protected":false},"author":1,"featured_media":0,"parent":0,"menu_order":0,"comment_status":"closed","ping_status":"closed","template":"","meta":{"footnotes":""},"class_list":["post-129","page","type-page","status-publish","hentry","has-post-title","has-post-date","has-post-category","has-post-tag","has-post-comment","has-post-author",""],"_links":{"self":[{"href":"https:\/\/solebio.com.tr\/en\/wp-json\/wp\/v2\/pages\/129","targetHints":{"allow":["GET"]}}],"collection":[{"href":"https:\/\/solebio.com.tr\/en\/wp-json\/wp\/v2\/pages"}],"about":[{"href":"https:\/\/solebio.com.tr\/en\/wp-json\/wp\/v2\/types\/page"}],"author":[{"embeddable":true,"href":"https:\/\/solebio.com.tr\/en\/wp-json\/wp\/v2\/users\/1"}],"replies":[{"embeddable":true,"href":"https:\/\/solebio.com.tr\/en\/wp-json\/wp\/v2\/comments?post=129"}],"version-history":[{"count":2,"href":"https:\/\/solebio.com.tr\/en\/wp-json\/wp\/v2\/pages\/129\/revisions"}],"predecessor-version":[{"id":131,"href":"https:\/\/solebio.com.tr\/en\/wp-json\/wp\/v2\/pages\/129\/revisions\/131"}],"wp:attachment":[{"href":"https:\/\/solebio.com.tr\/en\/wp-json\/wp\/v2\/media?parent=129"}],"curies":[{"name":"wp","href":"https:\/\/api.w.org\/{rel}","templated":true}]}}