{"id":121,"date":"2022-03-23T11:03:03","date_gmt":"2022-03-23T11:03:03","guid":{"rendered":"http:\/\/solebio.com.tr\/hakkimizda"},"modified":"2022-03-25T10:23:36","modified_gmt":"2022-03-25T10:23:36","slug":"about-us","status":"publish","type":"page","link":"https:\/\/solebio.com.tr\/en\/about-us","title":{"rendered":"About Us"},"content":{"rendered":"<!--themify_builder_content-->\n<div id=\"themify_builder_content-121\" data-postid=\"121\" class=\"themify_builder_content themify_builder_content-121 themify_builder tf_clear\">\n    \t<!-- module_row -->\n\t<div  data-lazy=\"1\" class=\"module_row themify_builder_row tb_x7qb645 tb_first tf_clearfix\">\n\t    \t\t<div class=\"row_inner col_align_top col-count-2 tf_box tf_w tf_rel\"  data-mobile_dir=\"rtl\">\n\t\t\t<div  data-lazy=\"1\" class=\"module_column tb-column col4-1 first tb_zli3656 tf_box\">\n\t\t\t    \t        <div class=\"tb-column-inner tf_box tf_w\">\n\t\t    <!-- module menu -->\n<div  class=\"module module-menu tb_3g6d955  mobile-menu-slide\" data-menu-style=\"mobile-menu-slide\" data-menu-breakpoint=\"0\" data-element-id=\"tb_3g6d955\" data-lazy=\"1\">\n    \t\n\t<div class=\"module-menu-container \"><ul id=\"menu-hakkimizda\" class=\"ui tf_clearfix nav tf_rel vertical tb_default_color shadow\"><li id=\"menu-item-42\" class=\"menu-item-page-125 menu-item menu-item-type-post_type menu-item-object-page menu-item-42\"><a href=\"https:\/\/solebio.com.tr\/vizyon-misyon\">Vision &#038; Mission<\/a><\/li>\n<\/ul><\/div>\t\t<style>\n\t\t\t.mobile-menu-module[data-module=\"tb_3g6d955\"] {\n\t\t\t\tright: -300px;\n\t\t\t}\n\t\t<\/style>\n\t<\/div>\n<!-- \/module menu -->\n\t        <\/div>\n\t    \t<\/div>\n\t\t<div  data-lazy=\"1\" class=\"module_column tb-column col4-3 last tb_u7jq733 tf_box\">\n\t\t\t    \t        <div class=\"tb-column-inner tf_box tf_w\">\n\t\t    <!-- module image -->\n<div  class=\"module module-image tb_vqo1445   image-top tf_mw\" data-lazy=\"1\">\n        <div class=\"image-wrap tf_rel tf_mw\">\n\t\t    <img loading=\"lazy\" decoding=\"async\" width=\"1459\" height=\"799\" src=\"https:\/\/solebio.com.tr\/wp-content\/uploads\/2022\/03\/MG_3806-kopyala-1.jpg\" class=\"wp-post-image wp-image-27\" title=\"MG_3806-kopyala-1\" alt=\"MG_3806-kopyala-1\" srcset=\"https:\/\/solebio.com.tr\/wp-content\/uploads\/2022\/03\/MG_3806-kopyala-1.jpg 1459w, https:\/\/solebio.com.tr\/wp-content\/uploads\/2022\/03\/MG_3806-kopyala-1-300x164.jpg 300w, https:\/\/solebio.com.tr\/wp-content\/uploads\/2022\/03\/MG_3806-kopyala-1-1024x561.jpg 1024w, https:\/\/solebio.com.tr\/wp-content\/uploads\/2022\/03\/MG_3806-kopyala-1-768x421.jpg 768w\" sizes=\"auto, (max-width: 1459px) 100vw, 1459px\" \/>\t\n\t\t<\/div>\n\t<!-- \/image-wrap -->\n    \n    \t<\/div>\n<!-- \/module image --><!-- module text -->\n<div  class=\"module module-text tb_y9gz635   \" data-lazy=\"1\">\n        <div  class=\"tb_text_wrap\">\n    <p>Solebio was established in 2002 as Farma Grup \u0130la\u00e7 Pazarlama \u0130thalat \u0130hracat A.\u015e. and as of 2015 Solebio \u0130la\u00e7 San. \u0130thalat \u0130hracat A.\u015e. continues its activities as. It aims to promote and expand the products of which it has licenses with new collaborations in the Turkish pharmaceutical market and in the world.<\/p>\n    <\/div>\n<\/div>\n<!-- \/module text -->\t        <\/div>\n\t    \t<\/div>\n\t\t    <\/div>\n\t    <!-- \/row_inner -->\n\t<\/div>\n\t<!-- \/module_row -->\n\t<\/div>\n<!--\/themify_builder_content-->","protected":false},"excerpt":{"rendered":"<p>Vizyon &#038; Misyon KVKK Solebio was established in 2002 as Farma Grup \u0130la\u00e7 Pazarlama \u0130thalat \u0130hracat A.\u015e. and as of 2015 Solebio \u0130la\u00e7 San. \u0130thalat \u0130hracat A.\u015e. continues its activities as. It aims to promote and expand the products of which it has licenses with new collaborations in the Turkish pharmaceutical market and in the [&hellip;]<\/p>\n","protected":false},"author":1,"featured_media":0,"parent":0,"menu_order":0,"comment_status":"closed","ping_status":"closed","template":"","meta":{"footnotes":""},"class_list":["post-121","page","type-page","status-publish","hentry","has-post-title","has-post-date","has-post-category","has-post-tag","has-post-comment","has-post-author",""],"_links":{"self":[{"href":"https:\/\/solebio.com.tr\/en\/wp-json\/wp\/v2\/pages\/121","targetHints":{"allow":["GET"]}}],"collection":[{"href":"https:\/\/solebio.com.tr\/en\/wp-json\/wp\/v2\/pages"}],"about":[{"href":"https:\/\/solebio.com.tr\/en\/wp-json\/wp\/v2\/types\/page"}],"author":[{"embeddable":true,"href":"https:\/\/solebio.com.tr\/en\/wp-json\/wp\/v2\/users\/1"}],"replies":[{"embeddable":true,"href":"https:\/\/solebio.com.tr\/en\/wp-json\/wp\/v2\/comments?post=121"}],"version-history":[{"count":3,"href":"https:\/\/solebio.com.tr\/en\/wp-json\/wp\/v2\/pages\/121\/revisions"}],"predecessor-version":[{"id":124,"href":"https:\/\/solebio.com.tr\/en\/wp-json\/wp\/v2\/pages\/121\/revisions\/124"}],"wp:attachment":[{"href":"https:\/\/solebio.com.tr\/en\/wp-json\/wp\/v2\/media?parent=121"}],"curies":[{"name":"wp","href":"https:\/\/api.w.org\/{rel}","templated":true}]}}